{"id":1469,"date":"2023-07-05T21:16:48","date_gmt":"2023-07-05T21:16:48","guid":{"rendered":"https:\/\/site.confiable.com.ec\/?page_id=1469"},"modified":"2023-07-05T22:46:49","modified_gmt":"2023-07-05T22:46:49","slug":"plataforma-de-analisis-de-riesgo-pii360","status":"publish","type":"page","link":"https:\/\/site.confiable.com.ec\/?page_id=1469","title":{"rendered":"Plataforma de An\u00e1lisis de Riesgo PII360"},"content":{"rendered":"\t\t<div data-elementor-type=\"wp-page\" data-elementor-id=\"1469\" class=\"elementor elementor-1469\" data-elementor-settings=\"[]\">\n\t\t\t\t\t\t\t<div class=\"elementor-section-wrap\">\n\t\t\t\t\t\t\t<section class=\"elementor-section elementor-top-section elementor-element elementor-element-d64ad25 elementor-section-content-middle elementor-section-boxed elementor-section-height-default elementor-section-height-default\" data-id=\"d64ad25\" data-element_type=\"section\" data-settings=\"{&quot;background_background&quot;:&quot;classic&quot;}\">\n\t\t\t\t\t\t<div class=\"elementor-container elementor-column-gap-extended\">\n\t\t\t\t\t<div class=\"elementor-column elementor-col-50 elementor-top-column elementor-element elementor-element-2aa79bc\" data-id=\"2aa79bc\" data-element_type=\"column\">\n\t\t\t<div class=\"elementor-widget-wrap elementor-element-populated\">\n\t\t\t\t\t\t\t\t<div class=\"elementor-element elementor-element-eede662 elementor-widget elementor-widget-spacer\" data-id=\"eede662\" data-element_type=\"widget\" data-widget_type=\"spacer.default\">\n\t\t\t\t<div class=\"elementor-widget-container\">\n\t\t\t\t\t<div class=\"elementor-spacer\">\n\t\t\t<div class=\"elementor-spacer-inner\"><\/div>\n\t\t<\/div>\n\t\t\t\t<\/div>\n\t\t\t\t<\/div>\n\t\t\t\t<div class=\"elementor-element elementor-element-605c4b4 elementor-invisible elementor-widget elementor-widget-text-editor\" data-id=\"605c4b4\" data-element_type=\"widget\" data-settings=\"{&quot;_animation&quot;:&quot;fadeInLeft&quot;}\" data-widget_type=\"text-editor.default\">\n\t\t\t\t<div class=\"elementor-widget-container\">\n\t\t\t\t\t\t\t\t<h1><strong><span style=\"color: #ffffff; font-size: 55px; font-family: CircularStd-Bold,sans-serif;\">Plataforma de An\u00e1lisis de Riesgo PII360 <\/span><\/strong><\/h1>\n\t\t\t\t\t\t<\/div>\n\t\t\t\t<\/div>\n\t\t\t\t<div class=\"elementor-element elementor-element-36cbab7 elementor-invisible elementor-widget elementor-widget-text-editor\" data-id=\"36cbab7\" data-element_type=\"widget\" data-settings=\"{&quot;_animation&quot;:&quot;fadeInLeft&quot;}\" data-widget_type=\"text-editor.default\">\n\t\t\t\t<div class=\"elementor-widget-container\">\n\t\t\t\t\t\t\t\t<h3><strong><span style=\"color: #ccffff;\">Accede de forma sistem\u00e1tica y en tiempo real a informaci\u00f3n financiera y no financiera del cliente, facilitando la toma de decisiones al analizar y otorgar cr\u00e9ditos directos.<\/span><\/strong><\/h3>\t\t\t\t\t\t<\/div>\n\t\t\t\t<\/div>\n\t\t\t\t<div class=\"elementor-element elementor-element-7baf345 elementor-button-info elementor-align-left elementor-invisible elementor-widget elementor-widget-button\" data-id=\"7baf345\" data-element_type=\"widget\" data-settings=\"{&quot;_animation&quot;:&quot;bounceInRight&quot;}\" data-widget_type=\"button.default\">\n\t\t\t\t<div class=\"elementor-widget-container\">\n\t\t\t\t\t<div class=\"elementor-button-wrapper\">\n\t\t\t<a href=\"https:\/\/api.whatsapp.com\/send?phone=593992980765\" target=\"_blank\" class=\"elementor-button-link elementor-button elementor-size-lg elementor-animation-push\" role=\"button\">\n\t\t\t\t\t\t<span class=\"elementor-button-content-wrapper\">\n\t\t\t\t\t\t<span class=\"elementor-button-icon elementor-align-icon-right\">\n\t\t\t\t<i aria-hidden=\"true\" class=\"far fa-arrow-alt-circle-right\"><\/i>\t\t\t<\/span>\n\t\t\t\t\t\t<span class=\"elementor-button-text\">M\u00c1S INFORMACI\u00d3N<\/span>\n\t\t<\/span>\n\t\t\t\t\t<\/a>\n\t\t<\/div>\n\t\t\t\t<\/div>\n\t\t\t\t<\/div>\n\t\t\t\t<div class=\"elementor-element elementor-element-31f640f elementor-button-info elementor-align-left elementor-invisible elementor-widget elementor-widget-button\" data-id=\"31f640f\" data-element_type=\"widget\" data-settings=\"{&quot;_animation&quot;:&quot;bounceInRight&quot;}\" data-widget_type=\"button.default\">\n\t\t\t\t<div class=\"elementor-widget-container\">\n\t\t\t\t\t<div class=\"elementor-button-wrapper\">\n\t\t\t<a href=\"https:\/\/site.confiable.com.ec\/wp-content\/uploads\/2023\/07\/00-PII360-v2.pdf\" target=\"_blank\" class=\"elementor-button-link elementor-button elementor-size-lg elementor-animation-push\" role=\"button\">\n\t\t\t\t\t\t<span class=\"elementor-button-content-wrapper\">\n\t\t\t\t\t\t<span class=\"elementor-button-icon elementor-align-icon-right\">\n\t\t\t\t<i aria-hidden=\"true\" class=\"far fa-file-pdf\"><\/i>\t\t\t<\/span>\n\t\t\t\t\t\t<span class=\"elementor-button-text\">DESCARGAR PDF <\/span>\n\t\t<\/span>\n\t\t\t\t\t<\/a>\n\t\t<\/div>\n\t\t\t\t<\/div>\n\t\t\t\t<\/div>\n\t\t\t\t<div class=\"elementor-element elementor-element-d9e73f2 elementor-hidden-phone elementor-widget elementor-widget-spacer\" data-id=\"d9e73f2\" data-element_type=\"widget\" data-widget_type=\"spacer.default\">\n\t\t\t\t<div class=\"elementor-widget-container\">\n\t\t\t\t\t<div class=\"elementor-spacer\">\n\t\t\t<div class=\"elementor-spacer-inner\"><\/div>\n\t\t<\/div>\n\t\t\t\t<\/div>\n\t\t\t\t<\/div>\n\t\t\t\t\t<\/div>\n\t\t<\/div>\n\t\t\t\t<div class=\"elementor-column elementor-col-50 elementor-top-column elementor-element elementor-element-1350c3f\" data-id=\"1350c3f\" data-element_type=\"column\">\n\t\t\t<div class=\"elementor-widget-wrap elementor-element-populated\">\n\t\t\t\t\t\t\t\t<div class=\"elementor-element elementor-element-b73684f elementor-widget elementor-widget-spacer\" data-id=\"b73684f\" data-element_type=\"widget\" data-widget_type=\"spacer.default\">\n\t\t\t\t<div class=\"elementor-widget-container\">\n\t\t\t\t\t<div class=\"elementor-spacer\">\n\t\t\t<div class=\"elementor-spacer-inner\"><\/div>\n\t\t<\/div>\n\t\t\t\t<\/div>\n\t\t\t\t<\/div>\n\t\t\t\t<div class=\"elementor-element elementor-element-bb44943 animated-slow elementor-widget__width-inherit elementor-absolute elementor-invisible elementor-widget elementor-widget-image\" data-id=\"bb44943\" data-element_type=\"widget\" data-settings=\"{&quot;_animation&quot;:&quot;swing&quot;,&quot;_position&quot;:&quot;absolute&quot;}\" data-widget_type=\"image.default\">\n\t\t\t\t<div class=\"elementor-widget-container\">\n\t\t\t\t\t\t\t\t\t\t\t\t\t\t\t<img decoding=\"async\" src=\"https:\/\/site.confiable.com.ec\/wp-content\/uploads\/elementor\/thumbs\/pc2-q8zjesfpm4ldbqqnaq72rvavs0ud4uezkyvqzbajnc.png\" title=\"pc2\" alt=\"pc2\" class=\"elementor-animation-pop\" \/>\t\t\t\t\t\t\t\t\t\t\t\t\t\t\t<\/div>\n\t\t\t\t<\/div>\n\t\t\t\t<div class=\"elementor-element elementor-element-59056ca elementor-widget elementor-widget-spacer\" data-id=\"59056ca\" data-element_type=\"widget\" data-widget_type=\"spacer.default\">\n\t\t\t\t<div class=\"elementor-widget-container\">\n\t\t\t\t\t<div class=\"elementor-spacer\">\n\t\t\t<div class=\"elementor-spacer-inner\"><\/div>\n\t\t<\/div>\n\t\t\t\t<\/div>\n\t\t\t\t<\/div>\n\t\t\t\t<div class=\"elementor-element elementor-element-168ff7e elementor-absolute elementor-invisible elementor-widget elementor-widget-image\" data-id=\"168ff7e\" data-element_type=\"widget\" data-settings=\"{&quot;_animation&quot;:&quot;fadeInLeft&quot;,&quot;_position&quot;:&quot;absolute&quot;}\" data-widget_type=\"image.default\">\n\t\t\t\t<div class=\"elementor-widget-container\">\n\t\t\t\t\t\t\t\t\t\t\t\t\t\t\t<img decoding=\"async\" src=\"https:\/\/site.confiable.com.ec\/wp-content\/uploads\/elementor\/thumbs\/4b-q8zjggl9k83e0hs67s1ke14253cti1pf2wzscabv6m.png\" title=\"4b\" alt=\"4b\" \/>\t\t\t\t\t\t\t\t\t\t\t\t\t\t\t<\/div>\n\t\t\t\t<\/div>\n\t\t\t\t\t<\/div>\n\t\t<\/div>\n\t\t\t\t\t\t\t<\/div>\n\t\t<\/section>\n\t\t\t\t\t\t<\/div>\n\t\t\t\t\t<\/div>\n\t\t","protected":false},"excerpt":{"rendered":"<p>Plataforma de An\u00e1lisis de Riesgo PII360 Accede de forma sistem\u00e1tica y en tiempo real a informaci\u00f3n financiera y no financiera del cliente, facilitando la toma de decisiones al analizar y otorgar cr\u00e9ditos directos. M\u00c1S INFORMACI\u00d3N DESCARGAR PDF<\/p>\n","protected":false},"author":1,"featured_media":0,"parent":0,"menu_order":0,"comment_status":"closed","ping_status":"closed","template":"elementor_header_footer","meta":{"footnotes":""},"class_list":["post-1469","page","type-page","status-publish","hentry"],"_links":{"self":[{"href":"https:\/\/site.confiable.com.ec\/index.php?rest_route=\/wp\/v2\/pages\/1469","targetHints":{"allow":["GET"]}}],"collection":[{"href":"https:\/\/site.confiable.com.ec\/index.php?rest_route=\/wp\/v2\/pages"}],"about":[{"href":"https:\/\/site.confiable.com.ec\/index.php?rest_route=\/wp\/v2\/types\/page"}],"author":[{"embeddable":true,"href":"https:\/\/site.confiable.com.ec\/index.php?rest_route=\/wp\/v2\/users\/1"}],"replies":[{"embeddable":true,"href":"https:\/\/site.confiable.com.ec\/index.php?rest_route=%2Fwp%2Fv2%2Fcomments&post=1469"}],"version-history":[{"count":37,"href":"https:\/\/site.confiable.com.ec\/index.php?rest_route=\/wp\/v2\/pages\/1469\/revisions"}],"predecessor-version":[{"id":1534,"href":"https:\/\/site.confiable.com.ec\/index.php?rest_route=\/wp\/v2\/pages\/1469\/revisions\/1534"}],"wp:attachment":[{"href":"https:\/\/site.confiable.com.ec\/index.php?rest_route=%2Fwp%2Fv2%2Fmedia&parent=1469"}],"curies":[{"name":"wp","href":"https:\/\/api.w.org\/{rel}","templated":true}]}}